{"id":1336,"date":"2023-04-15T13:32:33","date_gmt":"2023-04-15T16:32:33","guid":{"rendered":"https:\/\/proscenium.com.br\/?page_id=1336"},"modified":"2023-05-11T17:54:02","modified_gmt":"2023-05-11T20:54:02","slug":"servicos","status":"publish","type":"page","link":"https:\/\/proscenium.com.br\/?page_id=1336","title":{"rendered":"Servi\u00e7os"},"content":{"rendered":"<div class=\"wpb-content-wrapper\"><p>[vc_row gap=&#8221;30&#8243; equal_height=&#8221;yes&#8221; type=&#8221;vc_default&#8221; css=&#8221;.vc_custom_1495105796691{padding-top: 70px !important;padding-right: 25px !important;padding-bottom: 70px !important;padding-left: 25px !important;}&#8221;][vc_column width=&#8221;1\/2&#8243; css=&#8221;.vc_custom_1578745201435{padding-top: 0px !important;padding-right: 0px !important;padding-bottom: 0px !important;padding-left: 0px !important;background-color: rgba(0,0,0,0.04) !important;*background-color: rgb(0,0,0) !important;}&#8221;]<style type=\"text\/css\" data-type=\"the7_shortcodes-inline-css\">.shortcode-single-image-wrap.shortcode-single-image-8e7f0dbc6601ec5a9b4066f2f7e65140.enable-bg-rollover .rollover i,\n.shortcode-single-image-wrap.shortcode-single-image-8e7f0dbc6601ec5a9b4066f2f7e65140.enable-bg-rollover .rollover-video i {\n  background: -webkit-linear-gradient();\n  background: linear-gradient();\n}\n.shortcode-single-image-wrap.shortcode-single-image-8e7f0dbc6601ec5a9b4066f2f7e65140 .rollover-icon {\n  font-size: 32px;\n  color: #ffffff;\n  min-width: 44px;\n  min-height: 44px;\n  line-height: 44px;\n  border-radius: 100px;\n  border-style: solid;\n  border-width: 0px;\n}\n.dt-icon-bg-on.shortcode-single-image-wrap.shortcode-single-image-8e7f0dbc6601ec5a9b4066f2f7e65140 .rollover-icon {\n  background: rgba(255,255,255,0.3);\n  box-shadow: none;\n}\n<\/style><div class=\"shortcode-single-image-wrap shortcode-single-image-8e7f0dbc6601ec5a9b4066f2f7e65140 alignnone  enable-bg-rollover dt-icon-bg-off\" style=\"margin-top:0px; margin-bottom:0px; margin-left:0px; margin-right:0px; width:900px;\"><div class=\"shortcode-single-image\"><div class=\"fancy-media-wrap  layzr-bg\" style=\"\"><img fetchpriority=\"high\" decoding=\"async\" class=\"preload-me lazy-load aspect\" src=\"data:image\/svg+xml,%3Csvg%20xmlns%3D&#39;http%3A%2F%2Fwww.w3.org%2F2000%2Fsvg&#39;%20viewBox%3D&#39;0%200%20900%20600&#39;%2F%3E\" data-src=\"https:\/\/proscenium.com.br\/wp-content\/uploads\/2023\/05\/AdobeStock_508920323-scaled-900x600.jpeg\" data-srcset=\"https:\/\/proscenium.com.br\/wp-content\/uploads\/2023\/05\/AdobeStock_508920323-scaled-900x600.jpeg 900w, https:\/\/proscenium.com.br\/wp-content\/uploads\/2023\/05\/AdobeStock_508920323-scaled-1800x1200.jpeg 1800w\" loading=\"eager\" sizes=\"(max-width: 900px) 100vw, 900px\" width=\"900\" height=\"600\"  data-dt-location=\"https:\/\/proscenium.com.br\/?attachment_id=6711\" style=\"--ratio: 900 \/ 600;\" alt=\"\" \/><\/div><\/div><\/div>[vc_row_inner css=&#8221;.vc_custom_1495105364136{padding-top: 30px !important;padding-right: 30px !important;padding-bottom: 40px !important;padding-left: 30px !important;}&#8221;][vc_column_inner][vc_column_text css=&#8221;.vc_custom_1681575084641{padding-bottom: 20px !important;}&#8221;]<\/p>\n<h3>Medi\u00e7\u00f5es Ac\u00fasticas e Laudos Ac\u00fasticos<\/h3>\n<p>Realiza\u00e7\u00e3o de medi\u00e7\u00f5es e laudos para perturba\u00e7\u00e3o do sossego, a\u00e7\u00f5es judiciais, atendimento a normas ac\u00fasticas, comprova\u00e7\u00e3o de desempenho ac\u00fastico, obten\u00e7\u00e3o de licen\u00e7as ambientais de opera\u00e7\u00e3o e obten\u00e7\u00e3o de alvar\u00e1s de funcionamento.[\/vc_column_text][\/vc_column_inner][\/vc_row_inner][\/vc_column][vc_column width=&#8221;1\/2&#8243; css=&#8221;.vc_custom_1578745232578{padding-top: 0px !important;padding-right: 0px !important;padding-bottom: 0px !important;padding-left: 0px !important;background-color: rgba(0,0,0,0.04) !important;*background-color: rgb(0,0,0) !important;}&#8221;]<style type=\"text\/css\" data-type=\"the7_shortcodes-inline-css\">.shortcode-single-image-wrap.shortcode-single-image-3ccd9256762ac724e7122e700bc9cf82.enable-bg-rollover .rollover i,\n.shortcode-single-image-wrap.shortcode-single-image-3ccd9256762ac724e7122e700bc9cf82.enable-bg-rollover .rollover-video i {\n  background: -webkit-linear-gradient();\n  background: linear-gradient();\n}\n.shortcode-single-image-wrap.shortcode-single-image-3ccd9256762ac724e7122e700bc9cf82 .rollover-icon {\n  font-size: 32px;\n  color: #ffffff;\n  min-width: 44px;\n  min-height: 44px;\n  line-height: 44px;\n  border-radius: 100px;\n  border-style: solid;\n  border-width: 0px;\n}\n.dt-icon-bg-on.shortcode-single-image-wrap.shortcode-single-image-3ccd9256762ac724e7122e700bc9cf82 .rollover-icon {\n  background: rgba(255,255,255,0.3);\n  box-shadow: none;\n}\n<\/style><div class=\"shortcode-single-image-wrap shortcode-single-image-3ccd9256762ac724e7122e700bc9cf82 alignnone  enable-bg-rollover dt-icon-bg-off\" style=\"margin-top:0px; margin-bottom:0px; margin-left:0px; margin-right:0px; width:900px;\"><div class=\"shortcode-single-image\"><div class=\"fancy-media-wrap  layzr-bg\" style=\"\"><img decoding=\"async\" class=\"preload-me lazy-load aspect\" src=\"data:image\/svg+xml,%3Csvg%20xmlns%3D&#39;http%3A%2F%2Fwww.w3.org%2F2000%2Fsvg&#39;%20viewBox%3D&#39;0%200%20900%20600&#39;%2F%3E\" data-src=\"https:\/\/proscenium.com.br\/wp-content\/uploads\/2023\/05\/AdobeStock_210620329-scaled-900x600.jpeg\" data-srcset=\"https:\/\/proscenium.com.br\/wp-content\/uploads\/2023\/05\/AdobeStock_210620329-scaled-900x600.jpeg 900w, https:\/\/proscenium.com.br\/wp-content\/uploads\/2023\/05\/AdobeStock_210620329-scaled-1800x1200.jpeg 1800w\" loading=\"eager\" sizes=\"(max-width: 900px) 100vw, 900px\" width=\"900\" height=\"600\"  data-dt-location=\"https:\/\/proscenium.com.br\/?attachment_id=6712\" style=\"--ratio: 900 \/ 600;\" alt=\"\" \/><\/div><\/div><\/div>[vc_row_inner css=&#8221;.vc_custom_1495105364136{padding-top: 30px !important;padding-right: 30px !important;padding-bottom: 40px !important;padding-left: 30px !important;}&#8221;][vc_column_inner][vc_column_text css=&#8221;.vc_custom_1681575124304{padding-bottom: 20px !important;}&#8221;]<\/p>\n<h3>Condicionamento Ac\u00fastico<\/h3>\n<p>Elabora\u00e7\u00e3o de projetos e consultoria de condicionamento ac\u00fastico para audit\u00f3rios, teatros, cinemas, casas de shows, est\u00fadios, restaurantes, bares, ambientes residenciais e comerciais. Atendimento \u00e0 Norma 12.179 e ISO 3382.[\/vc_column_text][\/vc_column_inner][\/vc_row_inner][\/vc_column][vc_column width=&#8221;1\/2&#8243; css=&#8221;.vc_custom_1578745346381{padding-top: 0px !important;padding-right: 0px !important;padding-bottom: 0px !important;padding-left: 0px !important;background-color: rgba(0,0,0,0.04) !important;*background-color: rgb(0,0,0) !important;}&#8221;]<style type=\"text\/css\" data-type=\"the7_shortcodes-inline-css\">.shortcode-single-image-wrap.shortcode-single-image-14d81bd6840b51c2277eca2372877550.enable-bg-rollover .rollover i,\n.shortcode-single-image-wrap.shortcode-single-image-14d81bd6840b51c2277eca2372877550.enable-bg-rollover .rollover-video i {\n  background: -webkit-linear-gradient();\n  background: linear-gradient();\n}\n.shortcode-single-image-wrap.shortcode-single-image-14d81bd6840b51c2277eca2372877550 .rollover-icon {\n  font-size: 32px;\n  color: #ffffff;\n  min-width: 44px;\n  min-height: 44px;\n  line-height: 44px;\n  border-radius: 100px;\n  border-style: solid;\n  border-width: 0px;\n}\n.dt-icon-bg-on.shortcode-single-image-wrap.shortcode-single-image-14d81bd6840b51c2277eca2372877550 .rollover-icon {\n  background: rgba(255,255,255,0.3);\n  box-shadow: none;\n}\n<\/style><div class=\"shortcode-single-image-wrap shortcode-single-image-14d81bd6840b51c2277eca2372877550 alignnone  enable-bg-rollover dt-icon-bg-off\" style=\"margin-top:0px; margin-bottom:0px; margin-left:0px; margin-right:0px; width:900px;\"><div class=\"shortcode-single-image\"><div class=\"fancy-media-wrap  layzr-bg\" style=\"\"><img decoding=\"async\" class=\"preload-me lazy-load aspect\" src=\"data:image\/svg+xml,%3Csvg%20xmlns%3D&#39;http%3A%2F%2Fwww.w3.org%2F2000%2Fsvg&#39;%20viewBox%3D&#39;0%200%20900%20600&#39;%2F%3E\" data-src=\"https:\/\/proscenium.com.br\/wp-content\/uploads\/2023\/05\/AdobeStock_2155875931-900x600.jpg\" data-srcset=\"https:\/\/proscenium.com.br\/wp-content\/uploads\/2023\/05\/AdobeStock_2155875931-900x600.jpg 900w, https:\/\/proscenium.com.br\/wp-content\/uploads\/2023\/05\/AdobeStock_2155875931-1800x1200.jpg 1800w\" loading=\"eager\" sizes=\"(max-width: 900px) 100vw, 900px\" width=\"900\" height=\"600\"  data-dt-location=\"https:\/\/proscenium.com.br\/?attachment_id=6714\" style=\"--ratio: 900 \/ 600;\" alt=\"\" \/><\/div><\/div><\/div>[vc_row_inner css=&#8221;.vc_custom_1495105364136{padding-top: 30px !important;padding-right: 30px !important;padding-bottom: 40px !important;padding-left: 30px !important;}&#8221;][vc_column_inner][vc_column_text css=&#8221;.vc_custom_1681580070924{padding-bottom: 20px !important;}&#8221;]<\/p>\n<h3>Isolamento, Controle de Ru\u00eddo e Vibra\u00e7\u00e3o<\/h3>\n<p>Elabora\u00e7\u00e3o de projetos e consultoria para isolamento ac\u00fastico e controle de ru\u00eddo para ind\u00fastrias, com\u00e9rcio, resid\u00eancias e condom\u00ednios. Atendimento \u00e0s Normas 15.575 (Desempenho), 10.151, 10.152 e NR-15.[\/vc_column_text][\/vc_column_inner][\/vc_row_inner][\/vc_column][vc_column width=&#8221;1\/2&#8243; css=&#8221;.vc_custom_1578745352373{padding-top: 0px !important;padding-right: 0px !important;padding-bottom: 0px !important;padding-left: 0px !important;background-color: rgba(0,0,0,0.04) !important;*background-color: rgb(0,0,0) !important;}&#8221;]<style type=\"text\/css\" data-type=\"the7_shortcodes-inline-css\">.shortcode-single-image-wrap.shortcode-single-image-85b059224d12dbf2a02d132b156a25b8.enable-bg-rollover .rollover i,\n.shortcode-single-image-wrap.shortcode-single-image-85b059224d12dbf2a02d132b156a25b8.enable-bg-rollover .rollover-video i {\n  background: -webkit-linear-gradient();\n  background: linear-gradient();\n}\n.shortcode-single-image-wrap.shortcode-single-image-85b059224d12dbf2a02d132b156a25b8 .rollover-icon {\n  font-size: 32px;\n  color: #ffffff;\n  min-width: 44px;\n  min-height: 44px;\n  line-height: 44px;\n  border-radius: 100px;\n  border-style: solid;\n  border-width: 0px;\n}\n.dt-icon-bg-on.shortcode-single-image-wrap.shortcode-single-image-85b059224d12dbf2a02d132b156a25b8 .rollover-icon {\n  background: rgba(255,255,255,0.3);\n  box-shadow: none;\n}\n<\/style><div class=\"shortcode-single-image-wrap shortcode-single-image-85b059224d12dbf2a02d132b156a25b8 alignnone  enable-bg-rollover dt-icon-bg-off\" style=\"margin-top:0px; margin-bottom:0px; margin-left:0px; margin-right:0px; width:900px;\"><div class=\"shortcode-single-image\"><div class=\"fancy-media-wrap  layzr-bg\" style=\"\"><img decoding=\"async\" class=\"preload-me lazy-load aspect\" src=\"data:image\/svg+xml,%3Csvg%20xmlns%3D&#39;http%3A%2F%2Fwww.w3.org%2F2000%2Fsvg&#39;%20viewBox%3D&#39;0%200%20900%20600&#39;%2F%3E\" data-src=\"https:\/\/proscenium.com.br\/wp-content\/uploads\/2023\/05\/MODELO-2018-11-06-01-900x600.jpg\" data-srcset=\"https:\/\/proscenium.com.br\/wp-content\/uploads\/2023\/05\/MODELO-2018-11-06-01-900x600.jpg 900w, https:\/\/proscenium.com.br\/wp-content\/uploads\/2023\/05\/MODELO-2018-11-06-01-1423x948.jpg 1423w\" loading=\"eager\" sizes=\"(max-width: 900px) 100vw, 900px\" width=\"900\" height=\"600\"  data-dt-location=\"https:\/\/proscenium.com.br\/?attachment_id=6715\" style=\"--ratio: 900 \/ 600;\" alt=\"\" \/><\/div><\/div><\/div>[vc_row_inner css=&#8221;.vc_custom_1495105364136{padding-top: 30px !important;padding-right: 30px !important;padding-bottom: 40px !important;padding-left: 30px !important;}&#8221;][vc_column_inner][vc_column_text css=&#8221;.vc_custom_1683592574449{padding-bottom: 20px !important;}&#8221;]<\/p>\n<h3>Modelagem e Simula\u00e7\u00e3o Ac\u00fastica<\/h3>\n<p>Realiza\u00e7\u00e3o de modelagens e simula\u00e7\u00f5es ac\u00fastica para uma ampla variedade de locais, desde ambientes fechados a espa\u00e7os abertos, como audit\u00f3rios, plantas industriais, vias de tr\u00e1fego, dentre outros. Usando programas especializados de modelagem geom\u00e9tricas junto com dados ac\u00fasticos, assim como c\u00e1lculos de engenharia, avaliamos os cen\u00e1rios para identificar poss\u00edveis problemas e recomendar solu\u00e7\u00f5es.[\/vc_column_text][\/vc_column_inner][\/vc_row_inner][\/vc_column][vc_column width=&#8221;1\/2&#8243; css=&#8221;.vc_custom_1578745359400{padding-top: 0px !important;padding-right: 0px !important;padding-bottom: 0px !important;padding-left: 0px !important;background-color: rgba(0,0,0,0.04) !important;*background-color: rgb(0,0,0) !important;}&#8221;]<style type=\"text\/css\" data-type=\"the7_shortcodes-inline-css\">.shortcode-single-image-wrap.shortcode-single-image-09e9a87ae5ae837e859697cbfab78a40.enable-bg-rollover .rollover i,\n.shortcode-single-image-wrap.shortcode-single-image-09e9a87ae5ae837e859697cbfab78a40.enable-bg-rollover .rollover-video i {\n  background: -webkit-linear-gradient();\n  background: linear-gradient();\n}\n.shortcode-single-image-wrap.shortcode-single-image-09e9a87ae5ae837e859697cbfab78a40 .rollover-icon {\n  font-size: 32px;\n  color: #ffffff;\n  min-width: 44px;\n  min-height: 44px;\n  line-height: 44px;\n  border-radius: 100px;\n  border-style: solid;\n  border-width: 0px;\n}\n.dt-icon-bg-on.shortcode-single-image-wrap.shortcode-single-image-09e9a87ae5ae837e859697cbfab78a40 .rollover-icon {\n  background: rgba(255,255,255,0.3);\n  box-shadow: none;\n}\n<\/style><div class=\"shortcode-single-image-wrap shortcode-single-image-09e9a87ae5ae837e859697cbfab78a40 alignnone  enable-bg-rollover dt-icon-bg-off\" style=\"margin-top:0px; margin-bottom:0px; margin-left:0px; margin-right:0px; width:900px;\"><div class=\"shortcode-single-image\"><div class=\"fancy-media-wrap  layzr-bg\" style=\"\"><img decoding=\"async\" class=\"preload-me lazy-load aspect\" src=\"data:image\/svg+xml,%3Csvg%20xmlns%3D&#39;http%3A%2F%2Fwww.w3.org%2F2000%2Fsvg&#39;%20viewBox%3D&#39;0%200%20900%20600&#39;%2F%3E\" data-src=\"https:\/\/proscenium.com.br\/wp-content\/uploads\/2023\/05\/AdobeStock_5926415741-900x600.jpg\" data-srcset=\"https:\/\/proscenium.com.br\/wp-content\/uploads\/2023\/05\/AdobeStock_5926415741-900x600.jpg 900w, https:\/\/proscenium.com.br\/wp-content\/uploads\/2023\/05\/AdobeStock_5926415741-1800x1200.jpg 1800w\" loading=\"eager\" sizes=\"(max-width: 900px) 100vw, 900px\" width=\"900\" height=\"600\"  data-dt-location=\"https:\/\/proscenium.com.br\/?attachment_id=6717\" style=\"--ratio: 900 \/ 600;\" alt=\"\" \/><\/div><\/div><\/div>[vc_row_inner css=&#8221;.vc_custom_1495105364136{padding-top: 30px !important;padding-right: 30px !important;padding-bottom: 40px !important;padding-left: 30px !important;}&#8221;][vc_column_inner][vc_column_text css=&#8221;.vc_custom_1683593429783{padding-bottom: 20px !important;}&#8221;]<\/p>\n<h3>Monitoramento Ac\u00fastico<\/h3>\n<p>Realiza\u00e7\u00e3o de monitoramento cont\u00ednuo sonoro a fim de assegurar que os n\u00edveis de ru\u00eddo emitidos em qualquer ambiente, incluindo canteiros de obras, tr\u00e1fego urbano, plantas industriais, e outros, estejam de acordo com as normas e leis que regem o controle de ru\u00eddo no local. Adicionalmente, realizamos o monitoramento ac\u00fastico passivo para avaliar o impacto ambiental (subaqu\u00e1tico e terrestre) gerado pela polui\u00e7\u00e3o sonora. Dentre os agentes causadores de ru\u00eddo monitorados, destacam-se dragagem, derrocagem, opera\u00e7\u00f5es de hidrel\u00e9tricas, obras, e outros.[\/vc_column_text][\/vc_column_inner][\/vc_row_inner][\/vc_column][\/vc_row]<\/p>\n<\/div>","protected":false},"excerpt":{"rendered":"<p>[vc_row gap=&#8221;30&#8243; equal_height=&#8221;yes&#8221; type=&#8221;vc_default&#8221; css=&#8221;.vc_custom_1495105796691{padding-top: 70px !important;padding-right: 25px !important;padding-bottom: 70px !important;padding-left: 25px !important;}&#8221;][vc_column width=&#8221;1\/2&#8243; css=&#8221;.vc_custom_1578745201435{padding-top: 0px !important;padding-right: 0px !important;padding-bottom: 0px !important;padding-left: 0px !important;background-color: rgba(0,0,0,0.04) !important;*background-color: rgb(0,0,0) !important;}&#8221;][vc_row_inner css=&#8221;.vc_custom_1495105364136{padding-top: 30px !important;padding-right: 30px !important;padding-bottom: 40px !important;padding-left: 30px !important;}&#8221;][vc_column_inner][vc_column_text css=&#8221;.vc_custom_1681575084641{padding-bottom: 20px !important;}&#8221;] Medi\u00e7\u00f5es Ac\u00fasticas e Laudos Ac\u00fasticos Realiza\u00e7\u00e3o de medi\u00e7\u00f5es e laudos para perturba\u00e7\u00e3o do sossego, a\u00e7\u00f5es judiciais,&hellip;<\/p>\n","protected":false},"author":1,"featured_media":0,"parent":0,"menu_order":2,"comment_status":"closed","ping_status":"closed","template":"","meta":{"footnotes":""},"class_list":["post-1336","page","type-page","status-publish","hentry","description-off"],"_links":{"self":[{"href":"https:\/\/proscenium.com.br\/index.php?rest_route=\/wp\/v2\/pages\/1336","targetHints":{"allow":["GET"]}}],"collection":[{"href":"https:\/\/proscenium.com.br\/index.php?rest_route=\/wp\/v2\/pages"}],"about":[{"href":"https:\/\/proscenium.com.br\/index.php?rest_route=\/wp\/v2\/types\/page"}],"author":[{"embeddable":true,"href":"https:\/\/proscenium.com.br\/index.php?rest_route=\/wp\/v2\/users\/1"}],"replies":[{"embeddable":true,"href":"https:\/\/proscenium.com.br\/index.php?rest_route=%2Fwp%2Fv2%2Fcomments&post=1336"}],"version-history":[{"count":6,"href":"https:\/\/proscenium.com.br\/index.php?rest_route=\/wp\/v2\/pages\/1336\/revisions"}],"predecessor-version":[{"id":6718,"href":"https:\/\/proscenium.com.br\/index.php?rest_route=\/wp\/v2\/pages\/1336\/revisions\/6718"}],"wp:attachment":[{"href":"https:\/\/proscenium.com.br\/index.php?rest_route=%2Fwp%2Fv2%2Fmedia&parent=1336"}],"curies":[{"name":"wp","href":"https:\/\/api.w.org\/{rel}","templated":true}]}}